{"id":274,"date":"2023-05-29T23:47:58","date_gmt":"2023-05-29T23:47:58","guid":{"rendered":"https:\/\/centreahmedagzoul.ma\/?page_id=274"},"modified":"2024-02-15T14:12:25","modified_gmt":"2024-02-15T14:12:25","slug":"bibliotheque","status":"publish","type":"page","link":"https:\/\/centreahmedagzoul.ma\/index.php\/ar\/bibliotheque\/","title":{"rendered":"Biblioth\u00e8que"},"content":{"rendered":"\t\t<div data-elementor-type=\"wp-page\" data-elementor-id=\"274\" class=\"elementor elementor-274\">\n\t\t\t\t\t\t<section class=\"elementor-section elementor-top-section elementor-element elementor-element-f80482a elementor-section-boxed elementor-section-height-default elementor-section-height-default\" data-id=\"f80482a\" data-element_type=\"section\">\n\t\t\t\t\t\t<div class=\"elementor-container elementor-column-gap-default\">\n\t\t\t\t\t<div class=\"elementor-column elementor-col-100 elementor-top-column elementor-element elementor-element-78b5330\" data-id=\"78b5330\" data-element_type=\"column\">\n\t\t\t<div class=\"elementor-widget-wrap elementor-element-populated\">\n\t\t\t\t\t\t<div class=\"elementor-element elementor-element-e04deef elementor-widget elementor-widget-spacer\" data-id=\"e04deef\" data-element_type=\"widget\" data-widget_type=\"spacer.default\">\n\t\t\t\t<div class=\"elementor-widget-container\">\n\t\t\t\t\t\t\t<div class=\"elementor-spacer\">\n\t\t\t<div class=\"elementor-spacer-inner\"><\/div>\n\t\t<\/div>\n\t\t\t\t\t\t<\/div>\n\t\t\t\t<\/div>\n\t\t\t\t<div class=\"elementor-element elementor-element-4c31a52 elementor-tabs-view-horizontal elementor-widget elementor-widget-tabs\" data-id=\"4c31a52\" data-element_type=\"widget\" data-widget_type=\"tabs.default\">\n\t\t\t\t<div class=\"elementor-widget-container\">\n\t\t\t\t\t\t\t<div class=\"elementor-tabs\">\n\t\t\t<div class=\"elementor-tabs-wrapper\" role=\"tablist\" >\n\t\t\t\t\t\t\t\t\t<div id=\"elementor-tab-title-7981\" class=\"elementor-tab-title elementor-tab-desktop-title\" aria-selected=\"true\" data-tab=\"1\" role=\"tab\" tabindex=\"0\" aria-controls=\"elementor-tab-content-7981\" aria-expanded=\"false\">\u0645\u0648\u0646\u0648\u063a\u0631\u0627\u0641\u064a\u0629 \u062a\u0637\u0648\u0627\u0646<\/div>\n\t\t\t\t\t\t\t\t\t<div id=\"elementor-tab-title-7982\" class=\"elementor-tab-title elementor-tab-desktop-title\" aria-selected=\"false\" data-tab=\"2\" role=\"tab\" tabindex=\"-1\" aria-controls=\"elementor-tab-content-7982\" aria-expanded=\"false\">\u0645\u0648\u0646\u0648\u063a\u0631\u0627\u0641\u064a\u0629 \u062a\u0637\u0648\u0627\u0646<\/div>\n\t\t\t\t\t\t\t<\/div>\n\t\t\t<div class=\"elementor-tabs-content-wrapper\" role=\"tablist\" aria-orientation=\"vertical\">\n\t\t\t\t\t\t\t\t\t<div class=\"elementor-tab-title elementor-tab-mobile-title\" aria-selected=\"true\" data-tab=\"1\" role=\"tab\" tabindex=\"0\" aria-controls=\"elementor-tab-content-7981\" aria-expanded=\"false\">\u0645\u0648\u0646\u0648\u063a\u0631\u0627\u0641\u064a\u0629 \u062a\u0637\u0648\u0627\u0646<\/div>\n\t\t\t\t\t<div id=\"elementor-tab-content-7981\" class=\"elementor-tab-content elementor-clearfix\" data-tab=\"1\" role=\"tabpanel\" aria-labelledby=\"elementor-tab-title-7981\" tabindex=\"0\" hidden=\"false\"><p><a href=\"https:\/\/centreahmedagzoul.ma\/wp-content\/uploads\/2023\/05\/monographie.pdf\">\u062a\u062d\u0645\u064a\u0644<\/a><\/p><\/div>\n\t\t\t\t\t\t\t\t\t<div class=\"elementor-tab-title elementor-tab-mobile-title\" aria-selected=\"false\" data-tab=\"2\" role=\"tab\" tabindex=\"-1\" aria-controls=\"elementor-tab-content-7982\" aria-expanded=\"false\">\u0645\u0648\u0646\u0648\u063a\u0631\u0627\u0641\u064a\u0629 \u062a\u0637\u0648\u0627\u0646<\/div>\n\t\t\t\t\t<div id=\"elementor-tab-content-7982\" class=\"elementor-tab-content elementor-clearfix\" data-tab=\"2\" role=\"tabpanel\" aria-labelledby=\"elementor-tab-title-7982\" tabindex=\"0\" hidden=\"hidden\"><p><a href=\"https:\/\/centreahmedagzoul.ma\/wp-content\/uploads\/2023\/05\/monographie.pdf\">\u062a\u062d\u0645\u064a\u0644<\/a><\/p><\/div>\n\t\t\t\t\t\t\t<\/div>\n\t\t<\/div>\n\t\t\t\t\t\t<\/div>\n\t\t\t\t<\/div>\n\t\t\t\t<div class=\"elementor-element elementor-element-00bfbc9 elementor-widget elementor-widget-spacer\" data-id=\"00bfbc9\" data-element_type=\"widget\" data-widget_type=\"spacer.default\">\n\t\t\t\t<div class=\"elementor-widget-container\">\n\t\t\t\t\t\t\t<div class=\"elementor-spacer\">\n\t\t\t<div class=\"elementor-spacer-inner\"><\/div>\n\t\t<\/div>\n\t\t\t\t\t\t<\/div>\n\t\t\t\t<\/div>\n\t\t\t\t\t<\/div>\n\t\t<\/div>\n\t\t\t\t\t<\/div>\n\t\t<\/section>\n\t\t\t\t<section class=\"elementor-section elementor-top-section elementor-element elementor-element-58a0dc6 elementor-section-boxed elementor-section-height-default elementor-section-height-default\" data-id=\"58a0dc6\" data-element_type=\"section\" data-settings=\"{&quot;background_background&quot;:&quot;classic&quot;}\">\n\t\t\t\t\t\t<div class=\"elementor-container elementor-column-gap-default\">\n\t\t\t\t\t<div class=\"elementor-column elementor-col-100 elementor-top-column elementor-element elementor-element-a686842\" data-id=\"a686842\" data-element_type=\"column\">\n\t\t\t<div class=\"elementor-widget-wrap elementor-element-populated\">\n\t\t\t\t\t\t<div class=\"elementor-element elementor-element-d2d2ac5 elementor-widget elementor-widget-text-editor\" data-id=\"d2d2ac5\" data-element_type=\"widget\" data-widget_type=\"text-editor.default\">\n\t\t\t\t<div class=\"elementor-widget-container\">\n\t\t\t\t\t\t\t\t\t<p><span style=\"font-weight: 400;\">\u00a0Ce site a \u00e9t\u00e9 r\u00e9alis\u00e9 dans le cadre du projet\u00a0 \u00ab Promouvoir la gouvernance d\u00e9mocratique locale pour lutter contre les in\u00e9galit\u00e9s et contribuer au d\u00e9veloppement humain durable avec l\u2019approche genre\u00bb <\/span><span style=\"font-weight: 400;\">\u200b<\/span><span style=\"font-weight: 400;\">mis en \u0153uvre conjointement par l&rsquo;association ATIL et la Fondation CODESPA en partenariat avec la commune de T\u00e9touan<\/span><\/p>\t\t\t\t\t\t\t\t<\/div>\n\t\t\t\t<\/div>\n\t\t\t\t\t<\/div>\n\t\t<\/div>\n\t\t\t\t\t<\/div>\n\t\t<\/section>\n\t\t\t\t<\/div>\n\t\t","protected":false},"excerpt":{"rendered":"<p>\u0645\u0648\u0646\u0648\u063a\u0631\u0627\u0641\u064a\u0629 \u062a\u0637\u0648\u0627\u0646 \u0645\u0648\u0646\u0648\u063a\u0631\u0627\u0641\u064a\u0629 \u062a\u0637\u0648\u0627\u0646 \u0645\u0648\u0646\u0648\u063a\u0631\u0627\u0641\u064a\u0629 \u062a\u0637\u0648\u0627\u0646 \u062a\u062d\u0645\u064a\u0644 \u0645\u0648\u0646\u0648\u063a\u0631\u0627\u0641\u064a\u0629 \u062a\u0637\u0648\u0627\u0646 \u062a\u062d\u0645\u064a\u0644 \u00a0Ce site a \u00e9t\u00e9 r\u00e9alis\u00e9 dans le cadre du projet\u00a0 \u00ab Promouvoir la gouvernance d\u00e9mocratique locale pour lutter contre les in\u00e9galit\u00e9s et contribuer au d\u00e9veloppement humain durable avec l\u2019approche genre\u00bb \u200bmis en \u0153uvre conjointement par l&rsquo;association ATIL et la Fondation CODESPA en partenariat avec la [&hellip;]<\/p>\n","protected":false},"author":1,"featured_media":0,"parent":0,"menu_order":0,"comment_status":"closed","ping_status":"closed","template":"elementor_header_footer","meta":{"site-sidebar-layout":"no-sidebar","site-content-layout":"page-builder","ast-site-content-layout":"","site-content-style":"default","site-sidebar-style":"default","ast-global-header-display":"","ast-banner-title-visibility":"","ast-main-header-display":"","ast-hfb-above-header-display":"","ast-hfb-below-header-display":"","ast-hfb-mobile-header-display":"","site-post-title":"disabled","ast-breadcrumbs-content":"","ast-featured-img":"disabled","footer-sml-layout":"","theme-transparent-header-meta":"","adv-header-id-meta":"","stick-header-meta":"","header-above-stick-meta":"","header-main-stick-meta":"","header-below-stick-meta":"","astra-migrate-meta-layouts":"default","ast-page-background-enabled":"default","ast-page-background-meta":{"desktop":{"background-color":"var(--ast-global-color-4)","background-image":"","background-repeat":"repeat","background-position":"center center","background-size":"auto","background-attachment":"scroll","background-type":"","background-media":"","overlay-type":"","overlay-color":"","overlay-opacity":"","overlay-gradient":""},"tablet":{"background-color":"","background-image":"","background-repeat":"repeat","background-position":"center center","background-size":"auto","background-attachment":"scroll","background-type":"","background-media":"","overlay-type":"","overlay-color":"","overlay-opacity":"","overlay-gradient":""},"mobile":{"background-color":"","background-image":"","background-repeat":"repeat","background-position":"center center","background-size":"auto","background-attachment":"scroll","background-type":"","background-media":"","overlay-type":"","overlay-color":"","overlay-opacity":"","overlay-gradient":""}},"ast-content-background-meta":{"desktop":{"background-color":"var(--ast-global-color-5)","background-image":"","background-repeat":"repeat","background-position":"center center","background-size":"auto","background-attachment":"scroll","background-type":"","background-media":"","overlay-type":"","overlay-color":"","overlay-opacity":"","overlay-gradient":""},"tablet":{"background-color":"var(--ast-global-color-5)","background-image":"","background-repeat":"repeat","background-position":"center center","background-size":"auto","background-attachment":"scroll","background-type":"","background-media":"","overlay-type":"","overlay-color":"","overlay-opacity":"","overlay-gradient":""},"mobile":{"background-color":"var(--ast-global-color-5)","background-image":"","background-repeat":"repeat","background-position":"center center","background-size":"auto","background-attachment":"scroll","background-type":"","background-media":"","overlay-type":"","overlay-color":"","overlay-opacity":"","overlay-gradient":""}},"footnotes":""},"class_list":["post-274","page","type-page","status-publish","hentry"],"_links":{"self":[{"href":"https:\/\/centreahmedagzoul.ma\/index.php\/wp-json\/wp\/v2\/pages\/274","targetHints":{"allow":["GET"]}}],"collection":[{"href":"https:\/\/centreahmedagzoul.ma\/index.php\/wp-json\/wp\/v2\/pages"}],"about":[{"href":"https:\/\/centreahmedagzoul.ma\/index.php\/wp-json\/wp\/v2\/types\/page"}],"author":[{"embeddable":true,"href":"https:\/\/centreahmedagzoul.ma\/index.php\/wp-json\/wp\/v2\/users\/1"}],"replies":[{"embeddable":true,"href":"https:\/\/centreahmedagzoul.ma\/index.php\/wp-json\/wp\/v2\/comments?post=274"}],"version-history":[{"count":28,"href":"https:\/\/centreahmedagzoul.ma\/index.php\/wp-json\/wp\/v2\/pages\/274\/revisions"}],"predecessor-version":[{"id":1767,"href":"https:\/\/centreahmedagzoul.ma\/index.php\/wp-json\/wp\/v2\/pages\/274\/revisions\/1767"}],"wp:attachment":[{"href":"https:\/\/centreahmedagzoul.ma\/index.php\/wp-json\/wp\/v2\/media?parent=274"}],"curies":[{"name":"wp","href":"https:\/\/api.w.org\/{rel}","templated":true}]}}